{"id":1121,"date":"2022-10-02T13:50:35","date_gmt":"2022-10-02T13:50:35","guid":{"rendered":"http:\/\/naturismus-graz.at\/?page_id=1121"},"modified":"2022-10-02T14:15:08","modified_gmt":"2022-10-02T14:15:08","slug":"unternehmungen","status":"publish","type":"page","link":"https:\/\/naturismus-graz.at\/?page_id=1121","title":{"rendered":"Unternehmungen"},"content":{"rendered":"<style>#kt-layout-id_885a45-6b > .kt-row-column-wrap{align-content:start;}:where(#kt-layout-id_885a45-6b > .kt-row-column-wrap) > .wp-block-kadence-column{justify-content:start;}#kt-layout-id_885a45-6b > .kt-row-column-wrap{column-gap:80px;row-gap:var(--global-kb-gap-md, 2rem);max-width:var( --global-content-width, 1290px );padding-left:var(--global-content-edge-padding);padding-right:var(--global-content-edge-padding);padding-top:var( --global-kb-row-default-top, 25px );padding-bottom:var( --global-kb-row-default-bottom, 25px );padding-top:80px;padding-bottom:80px;grid-template-columns:repeat(2, minmax(0, 1fr));}#kt-layout-id_885a45-6b > .kt-row-layout-overlay{opacity:0.85;background-image:url('https:\/\/naturismus-graz.at\/wp-content\/uploads\/2021\/09\/texture.png');background-size:auto;background-position:center center;background-attachment:scroll;background-repeat:repeat;mix-blend-mode:overlay;}@media all and (max-width: 1024px){#kt-layout-id_885a45-6b > .kt-row-column-wrap{grid-template-columns:repeat(2, minmax(0, 1fr));}}@media all and (max-width: 767px){#kt-layout-id_885a45-6b > .kt-row-column-wrap{grid-template-columns:minmax(0, 1fr);}}<\/style>\n<div class=\"wp-block-kadence-rowlayout alignnone\"><div id=\"kt-layout-id_885a45-6b\" class=\"kt-row-layout-inner kt-row-has-bg kt-layout-id_885a45-6b has-theme-palette-8-background-color\"><div class=\"kt-row-layout-overlay kt-row-overlay-normal\"><\/div><div class=\"kt-row-column-wrap kt-has-2-columns kt-gutter-widest kt-v-gutter-default kt-row-valign-top kt-row-layout-equal kt-tab-layout-inherit kt-m-colapse-left-to-right kt-mobile-layout-row kb-theme-content-width\"><style>.kadence-column_6158f9-b9 > .kt-inside-inner-col{border-top-width:0px;border-right-width:0px;border-bottom-width:0px;border-left-width:0px;}.kadence-column_6158f9-b9 > .kt-inside-inner-col,.kadence-column_6158f9-b9 > .kt-inside-inner-col:before{border-top-left-radius:0px;border-top-right-radius:0px;border-bottom-right-radius:0px;border-bottom-left-radius:0px;}.kadence-column_6158f9-b9 > .kt-inside-inner-col:before{opacity:0.3;}.kadence-column_6158f9-b9{position:relative;}<\/style>\n<div class=\"wp-block-kadence-column inner-column-1 kadence-column_6158f9-b9\"><div class=\"kt-inside-inner-col\"><style>.wp-block-kadence-advancedheading.kt-adv-heading_b9d12f-db, .wp-block-kadence-advancedheading.kt-adv-heading_b9d12f-db[data-kb-block=\"kb-adv-heading_b9d12f-db\"]{font-style:normal;}.wp-block-kadence-advancedheading.kt-adv-heading_b9d12f-db mark, .wp-block-kadence-advancedheading.kt-adv-heading_b9d12f-db[data-kb-block=\"kb-adv-heading_b9d12f-db\"] mark{font-style:normal;color:#f76a0c;padding-top:0px;padding-right:0px;padding-bottom:0px;padding-left:0px;}<\/style>\n<h6 class=\"kt-adv-heading_b9d12f-db wp-block-kadence-advancedheading has-theme-palette-1-color has-text-color\" data-kb-block=\"kb-adv-heading_b9d12f-db\">Die<\/h6>\n\n\n<style>.wp-block-kadence-advancedheading.kt-adv-heading_72c768-97, .wp-block-kadence-advancedheading.kt-adv-heading_72c768-97[data-kb-block=\"kb-adv-heading_72c768-97\"]{font-style:normal;}.wp-block-kadence-advancedheading.kt-adv-heading_72c768-97 mark, .wp-block-kadence-advancedheading.kt-adv-heading_72c768-97[data-kb-block=\"kb-adv-heading_72c768-97\"] mark{font-style:normal;color:#f76a0c;padding-top:0px;padding-right:0px;padding-bottom:0px;padding-left:0px;}@media all and (max-width: 767px){.wp-block-kadence-advancedheading.kt-adv-heading_72c768-97, .wp-block-kadence-advancedheading.kt-adv-heading_72c768-97[data-kb-block=\"kb-adv-heading_72c768-97\"]{font-size:36px;}}<\/style>\n<h2 class=\"kt-adv-heading_72c768-97 wp-block-kadence-advancedheading has-theme-palette-4-color has-text-color\" data-kb-block=\"kb-adv-heading_72c768-97\">Umgebung<\/h2>\n<\/div><\/div>\n\n\n<style>.kadence-column_6d7ca8-44 > .kt-inside-inner-col{border-top-width:0px;border-right-width:0px;border-bottom-width:0px;border-left-width:0px;}.kadence-column_6d7ca8-44 > .kt-inside-inner-col,.kadence-column_6d7ca8-44 > .kt-inside-inner-col:before{border-top-left-radius:0px;border-top-right-radius:0px;border-bottom-right-radius:0px;border-bottom-left-radius:0px;}.kadence-column_6d7ca8-44 > .kt-inside-inner-col:before{opacity:0.3;}.kadence-column_6d7ca8-44{position:relative;}<\/style>\n<div class=\"wp-block-kadence-column inner-column-2 kadence-column_6d7ca8-44\"><div class=\"kt-inside-inner-col\"><style>.wp-block-kadence-advancedheading.kt-adv-heading_09fe87-ba, .wp-block-kadence-advancedheading.kt-adv-heading_09fe87-ba[data-kb-block=\"kb-adv-heading_09fe87-ba\"]{font-style:normal;}.wp-block-kadence-advancedheading.kt-adv-heading_09fe87-ba mark, .wp-block-kadence-advancedheading.kt-adv-heading_09fe87-ba[data-kb-block=\"kb-adv-heading_09fe87-ba\"] mark{font-style:normal;color:#f76a0c;padding-top:0px;padding-right:0px;padding-bottom:0px;padding-left:0px;}<\/style>\n<p class=\"kt-adv-heading_09fe87-ba wp-block-kadence-advancedheading has-theme-palette-3-color has-text-color\" data-kb-block=\"kb-adv-heading_09fe87-ba\">Das Vereinsgel\u00e4nde ist eingebettet in die Gemeinde Eggersdorf bei Graz. Alle wichtigen Informationen bez\u00fcglich Veranstaltungen, \u00c4rzten, findet ihr unter<\/p>\n\n\n<style>.wp-block-kadence-advancedbtn.kb-btns_7ce820-70{gap:var(--global-kb-gap-xs, 0.5rem );justify-content:flex-start;align-items:center;}.kt-btns_7ce820-70 .kt-button{font-weight:normal;font-style:normal;}.kt-btns_7ce820-70 .kt-btn-wrap-0{margin-right:5px;}.wp-block-kadence-advancedbtn.kt-btns_7ce820-70 .kt-btn-wrap-0 .kt-button::before{display:none;}<\/style>\n<div class=\"wp-block-kadence-advancedbtn kt-btn-align-left kt-btn-tablet-align-inherit kt-btn-mobile-align-inherit kt-btns-wrap kt-btns_7ce820-70\"><div class=\"kt-btn-wrap kt-btn-wrap-0\"><a class=\"kt-button button kt-btn-0-action kt-btn-size-standard kt-btn-style-basic kt-btn-svg-show-always kt-btn-has-text-true kt-btn-has-svg-false kb-btn-global-inherit wp-block-button__link\" href=\"https:\/\/www.eggersdorf-graz.gv.at\/startseite\/\"><span class=\"kt-btn-inner-text\">Gemeinde Eggersdorf bei Graz<\/span><\/a><\/div><\/div>\n\n\n\n<p><\/p>\n\n\n\n<p>Fu\u00dfl\u00e4ufig zu erreichen ist der Heurige Rei\u00df, sowie das Schloss Dornhofen. Das Gasthaus Niederleitner, Pizzeria David und der Dorfwirt Eggersdorf befinden sich im Ortskern von Eggersdorf. <\/p>\n\n\n\n<p>Einkaufsm\u00f6glichkeiten gibt es im Umkreis von 10 Minuten.<\/p>\n<\/div><\/div>\n<\/div><\/div><\/div>\n\n\n<style>#kt-layout-id_2ad609-14 > .kt-row-column-wrap{align-content:start;}:where(#kt-layout-id_2ad609-14 > .kt-row-column-wrap) > .wp-block-kadence-column{justify-content:start;}#kt-layout-id_2ad609-14 > .kt-row-column-wrap{column-gap:var(--global-kb-gap-md, 2rem);row-gap:var(--global-kb-gap-md, 2rem);padding-top:var( --global-kb-row-default-top, 25px );padding-bottom:var( --global-kb-row-default-bottom, 25px );padding-top:var(--global-kb-spacing-sm, 1.5rem);padding-bottom:var(--global-kb-spacing-sm, 1.5rem);grid-template-columns:repeat(2, minmax(0, 1fr));}#kt-layout-id_2ad609-14 > .kt-row-layout-overlay{opacity:0.30;}@media all and (max-width: 1024px){#kt-layout-id_2ad609-14 > .kt-row-column-wrap{grid-template-columns:repeat(2, minmax(0, 1fr));}}@media all and (max-width: 767px){#kt-layout-id_2ad609-14 > .kt-row-column-wrap{grid-template-columns:minmax(0, 1fr);}}<\/style>\n<div class=\"wp-block-kadence-rowlayout alignnone\"><div id=\"kt-layout-id_2ad609-14\" class=\"kt-row-layout-inner kt-layout-id_2ad609-14\"><div class=\"kt-row-column-wrap kt-has-2-columns kt-gutter-default kt-v-gutter-default kt-row-valign-top kt-row-layout-equal kt-tab-layout-inherit kt-m-colapse-left-to-right kt-mobile-layout-row\"><\/div><\/div><\/div>\n\n\n<style>#kt-layout-id_6edaa2-04 > .kt-row-column-wrap{align-content:start;}:where(#kt-layout-id_6edaa2-04 > .kt-row-column-wrap) > .wp-block-kadence-column{justify-content:start;}#kt-layout-id_6edaa2-04 > .kt-row-column-wrap{column-gap:80px;row-gap:var(--global-kb-gap-md, 2rem);max-width:var( --global-content-width, 1290px );padding-left:var(--global-content-edge-padding);padding-right:var(--global-content-edge-padding);padding-top:var( --global-kb-row-default-top, 25px );padding-bottom:var( --global-kb-row-default-bottom, 25px );padding-top:80px;padding-bottom:80px;grid-template-columns:repeat(2, minmax(0, 1fr));}#kt-layout-id_6edaa2-04 > .kt-row-layout-overlay{opacity:0.85;background-image:url('https:\/\/naturismus-graz.at\/wp-content\/uploads\/2021\/09\/texture.png');background-size:auto;background-position:center center;background-attachment:scroll;background-repeat:repeat;mix-blend-mode:overlay;}@media all and (max-width: 1024px){#kt-layout-id_6edaa2-04 > .kt-row-column-wrap{grid-template-columns:repeat(2, minmax(0, 1fr));}}@media all and (max-width: 767px){#kt-layout-id_6edaa2-04 > .kt-row-column-wrap{grid-template-columns:minmax(0, 1fr);}}<\/style>\n<div class=\"wp-block-kadence-rowlayout alignnone\"><div id=\"kt-layout-id_6edaa2-04\" class=\"kt-row-layout-inner kt-row-has-bg kt-layout-id_6edaa2-04 has-theme-palette-8-background-color\"><div class=\"kt-row-layout-overlay kt-row-overlay-normal\"><\/div><div class=\"kt-row-column-wrap kt-has-2-columns kt-gutter-widest kt-v-gutter-default kt-row-valign-top kt-row-layout-equal kt-tab-layout-inherit kt-m-colapse-left-to-right kt-mobile-layout-row kb-theme-content-width\"><style>.kadence-column_a88ad7-00 > .kt-inside-inner-col{border-top-width:0px;border-right-width:0px;border-bottom-width:0px;border-left-width:0px;}.kadence-column_a88ad7-00 > .kt-inside-inner-col,.kadence-column_a88ad7-00 > .kt-inside-inner-col:before{border-top-left-radius:0px;border-top-right-radius:0px;border-bottom-right-radius:0px;border-bottom-left-radius:0px;}.kadence-column_a88ad7-00 > .kt-inside-inner-col:before{opacity:0.3;}.kadence-column_a88ad7-00{position:relative;}<\/style>\n<div class=\"wp-block-kadence-column inner-column-1 kadence-column_a88ad7-00\"><div class=\"kt-inside-inner-col\"><style>.wp-block-kadence-advancedheading.kt-adv-heading_e10fda-8c, .wp-block-kadence-advancedheading.kt-adv-heading_e10fda-8c[data-kb-block=\"kb-adv-heading_e10fda-8c\"]{font-style:normal;}.wp-block-kadence-advancedheading.kt-adv-heading_e10fda-8c mark, .wp-block-kadence-advancedheading.kt-adv-heading_e10fda-8c[data-kb-block=\"kb-adv-heading_e10fda-8c\"] mark{font-style:normal;color:#f76a0c;padding-top:0px;padding-right:0px;padding-bottom:0px;padding-left:0px;}<\/style>\n<h6 class=\"kt-adv-heading_e10fda-8c wp-block-kadence-advancedheading has-theme-palette-1-color has-text-color\" data-kb-block=\"kb-adv-heading_e10fda-8c\">Einen Tag in<\/h6>\n\n\n<style>.wp-block-kadence-advancedheading.kt-adv-heading_dabda5-02, .wp-block-kadence-advancedheading.kt-adv-heading_dabda5-02[data-kb-block=\"kb-adv-heading_dabda5-02\"]{font-style:normal;}.wp-block-kadence-advancedheading.kt-adv-heading_dabda5-02 mark, .wp-block-kadence-advancedheading.kt-adv-heading_dabda5-02[data-kb-block=\"kb-adv-heading_dabda5-02\"] mark{font-style:normal;color:#f76a0c;padding-top:0px;padding-right:0px;padding-bottom:0px;padding-left:0px;}@media all and (max-width: 767px){.wp-block-kadence-advancedheading.kt-adv-heading_dabda5-02, .wp-block-kadence-advancedheading.kt-adv-heading_dabda5-02[data-kb-block=\"kb-adv-heading_dabda5-02\"]{font-size:36px;}}<\/style>\n<h2 class=\"kt-adv-heading_dabda5-02 wp-block-kadence-advancedheading has-theme-palette-4-color has-text-color\" data-kb-block=\"kb-adv-heading_dabda5-02\">Graz?<\/h2>\n<\/div><\/div>\n\n\n<style>.kadence-column_f88650-29 > .kt-inside-inner-col{border-top-width:0px;border-right-width:0px;border-bottom-width:0px;border-left-width:0px;}.kadence-column_f88650-29 > .kt-inside-inner-col,.kadence-column_f88650-29 > .kt-inside-inner-col:before{border-top-left-radius:0px;border-top-right-radius:0px;border-bottom-right-radius:0px;border-bottom-left-radius:0px;}.kadence-column_f88650-29 > .kt-inside-inner-col:before{opacity:0.3;}.kadence-column_f88650-29{position:relative;}<\/style>\n<div class=\"wp-block-kadence-column inner-column-2 kadence-column_f88650-29\"><div class=\"kt-inside-inner-col\"><style>.wp-block-kadence-advancedheading.kt-adv-heading_4c6579-68, .wp-block-kadence-advancedheading.kt-adv-heading_4c6579-68[data-kb-block=\"kb-adv-heading_4c6579-68\"]{font-style:normal;}.wp-block-kadence-advancedheading.kt-adv-heading_4c6579-68 mark, .wp-block-kadence-advancedheading.kt-adv-heading_4c6579-68[data-kb-block=\"kb-adv-heading_4c6579-68\"] mark{font-style:normal;color:#f76a0c;padding-top:0px;padding-right:0px;padding-bottom:0px;padding-left:0px;}<\/style>\n<p class=\"kt-adv-heading_4c6579-68 wp-block-kadence-advancedheading has-theme-palette-3-color has-text-color\" data-kb-block=\"kb-adv-heading_4c6579-68\">Mit dem Auto in 35 Minuten, mit dem Fahrrad in einer guten Stunde, mit dem Bus oder zu Fu\u00df &#8211; Graz ist immer einen Besuch wert.<\/p>\n\n\n<style>.wp-block-kadence-advancedheading.kt-adv-heading_bd995c-e1, .wp-block-kadence-advancedheading.kt-adv-heading_bd995c-e1[data-kb-block=\"kb-adv-heading_bd995c-e1\"]{font-style:normal;}.wp-block-kadence-advancedheading.kt-adv-heading_bd995c-e1 mark, .wp-block-kadence-advancedheading.kt-adv-heading_bd995c-e1[data-kb-block=\"kb-adv-heading_bd995c-e1\"] mark{font-style:normal;color:#f76a0c;padding-top:0px;padding-right:0px;padding-bottom:0px;padding-left:0px;}<\/style>\n<p class=\"kt-adv-heading_bd995c-e1 wp-block-kadence-advancedheading has-theme-palette-3-color has-text-color\" data-kb-block=\"kb-adv-heading_bd995c-e1\">Schlossberg, die Murinsel, das Kunsthaus oder Schloss Eggenberg, Zeughaus oder einen Spaziergang durch die Altstadt. Auf einen Kaffee, ein Weinderl oder einen steirischen Backhendlsalat bei einer der vielen netten Kneipen, Restaurants oder Wirtsh\u00e4usern.<\/p>\n\n\n<style>.wp-block-kadence-advancedheading.kt-adv-heading_64ac8c-91, .wp-block-kadence-advancedheading.kt-adv-heading_64ac8c-91[data-kb-block=\"kb-adv-heading_64ac8c-91\"]{font-style:normal;}.wp-block-kadence-advancedheading.kt-adv-heading_64ac8c-91 mark, .wp-block-kadence-advancedheading.kt-adv-heading_64ac8c-91[data-kb-block=\"kb-adv-heading_64ac8c-91\"] mark{font-style:normal;color:#f76a0c;padding-top:0px;padding-right:0px;padding-bottom:0px;padding-left:0px;}<\/style>\n<p class=\"kt-adv-heading_64ac8c-91 wp-block-kadence-advancedheading has-theme-palette-3-color has-text-color\" data-kb-block=\"kb-adv-heading_64ac8c-91\">F\u00fcr weitere Informationen, was du in Graz alles erleben kannst hier der Link zur Seite der Stadt Graz.<a href=\"https:\/\/kits.themecy.com\/events-2\/attractions\/#\"><\/a><\/p>\n\n\n<style>.wp-block-kadence-advancedbtn.kb-btns_5ef5bf-5c{gap:var(--global-kb-gap-xs, 0.5rem );justify-content:flex-start;align-items:center;}.kt-btns_5ef5bf-5c .kt-button{font-weight:normal;font-style:normal;}.kt-btns_5ef5bf-5c .kt-btn-wrap-0{margin-right:5px;}.wp-block-kadence-advancedbtn.kt-btns_5ef5bf-5c .kt-btn-wrap-0 .kt-button::before{display:none;}<\/style>\n<div class=\"wp-block-kadence-advancedbtn kt-btn-align-left kt-btn-tablet-align-inherit kt-btn-mobile-align-inherit kt-btns-wrap kt-btns_5ef5bf-5c\"><div class=\"kt-btn-wrap kt-btn-wrap-0\"><a class=\"kt-button button kt-btn-0-action kt-btn-size-standard kt-btn-style-basic kt-btn-svg-show-always kt-btn-has-text-true kt-btn-has-svg-false kb-btn-global-inherit wp-block-button__link\" href=\"https:\/\/www.graz.at\/cms\/ziel\/7535944\/DE\/\"><span class=\"kt-btn-inner-text\">Stadt Graz<\/span><\/a><\/div><\/div>\n<\/div><\/div>\n<\/div><\/div><\/div>\n\n\n<style>#kt-layout-id_358cac-df > .kt-row-column-wrap{align-content:start;}:where(#kt-layout-id_358cac-df > .kt-row-column-wrap) > .wp-block-kadence-column{justify-content:start;}#kt-layout-id_358cac-df > .kt-row-column-wrap{column-gap:var(--global-kb-gap-md, 2rem);row-gap:var(--global-kb-gap-md, 2rem);padding-top:var( --global-kb-row-default-top, 25px );padding-bottom:var( --global-kb-row-default-bottom, 25px );padding-top:var(--global-kb-spacing-sm, 1.5rem);padding-bottom:var(--global-kb-spacing-sm, 1.5rem);grid-template-columns:repeat(2, minmax(0, 1fr));}#kt-layout-id_358cac-df > .kt-row-layout-overlay{opacity:0.30;}@media all and (max-width: 1024px){#kt-layout-id_358cac-df > .kt-row-column-wrap{grid-template-columns:repeat(2, minmax(0, 1fr));}}@media all and (max-width: 767px){#kt-layout-id_358cac-df > .kt-row-column-wrap{grid-template-columns:minmax(0, 1fr);}}<\/style>\n<div class=\"wp-block-kadence-rowlayout alignnone\"><div id=\"kt-layout-id_358cac-df\" class=\"kt-row-layout-inner kt-layout-id_358cac-df\"><div class=\"kt-row-column-wrap kt-has-2-columns kt-gutter-default kt-v-gutter-default kt-row-valign-top kt-row-layout-equal kt-tab-layout-inherit kt-m-colapse-left-to-right kt-mobile-layout-row\"><\/div><\/div><\/div>\n\n\n<style>#kt-layout-id_a2d5f0-d7 > .kt-row-column-wrap{align-content:start;}:where(#kt-layout-id_a2d5f0-d7 > .kt-row-column-wrap) > .wp-block-kadence-column{justify-content:start;}#kt-layout-id_a2d5f0-d7 > .kt-row-column-wrap{column-gap:80px;row-gap:var(--global-kb-gap-md, 2rem);max-width:var( --global-content-width, 1290px );padding-left:var(--global-content-edge-padding);padding-right:var(--global-content-edge-padding);padding-top:var( --global-kb-row-default-top, 25px );padding-bottom:var( --global-kb-row-default-bottom, 25px );padding-top:80px;padding-bottom:80px;grid-template-columns:repeat(2, minmax(0, 1fr));}#kt-layout-id_a2d5f0-d7 > .kt-row-layout-overlay{opacity:0.85;background-image:url('https:\/\/naturismus-graz.at\/wp-content\/uploads\/2021\/09\/texture.png');background-size:auto;background-position:center center;background-attachment:scroll;background-repeat:repeat;mix-blend-mode:overlay;}@media all and (max-width: 1024px){#kt-layout-id_a2d5f0-d7 > .kt-row-column-wrap{grid-template-columns:repeat(2, minmax(0, 1fr));}}@media all and (max-width: 767px){#kt-layout-id_a2d5f0-d7 > .kt-row-column-wrap{grid-template-columns:minmax(0, 1fr);}}<\/style>\n<div class=\"wp-block-kadence-rowlayout alignnone\"><div id=\"kt-layout-id_a2d5f0-d7\" class=\"kt-row-layout-inner kt-row-has-bg kt-layout-id_a2d5f0-d7 has-theme-palette-8-background-color\"><div class=\"kt-row-layout-overlay kt-row-overlay-normal\"><\/div><div class=\"kt-row-column-wrap kt-has-2-columns kt-gutter-widest kt-v-gutter-default kt-row-valign-top kt-row-layout-equal kt-tab-layout-inherit kt-m-colapse-left-to-right kt-mobile-layout-row kb-theme-content-width\"><style>.kadence-column_131c17-16 > .kt-inside-inner-col{border-top-width:0px;border-right-width:0px;border-bottom-width:0px;border-left-width:0px;}.kadence-column_131c17-16 > .kt-inside-inner-col,.kadence-column_131c17-16 > .kt-inside-inner-col:before{border-top-left-radius:0px;border-top-right-radius:0px;border-bottom-right-radius:0px;border-bottom-left-radius:0px;}.kadence-column_131c17-16 > .kt-inside-inner-col:before{opacity:0.3;}.kadence-column_131c17-16{position:relative;}<\/style>\n<div class=\"wp-block-kadence-column inner-column-1 kadence-column_131c17-16\"><div class=\"kt-inside-inner-col\"><style>.wp-block-kadence-advancedheading.kt-adv-heading_daa3e4-90, .wp-block-kadence-advancedheading.kt-adv-heading_daa3e4-90[data-kb-block=\"kb-adv-heading_daa3e4-90\"]{font-style:normal;}.wp-block-kadence-advancedheading.kt-adv-heading_daa3e4-90 mark, .wp-block-kadence-advancedheading.kt-adv-heading_daa3e4-90[data-kb-block=\"kb-adv-heading_daa3e4-90\"] mark{font-style:normal;color:#f76a0c;padding-top:0px;padding-right:0px;padding-bottom:0px;padding-left:0px;}<\/style>\n<h6 class=\"kt-adv-heading_daa3e4-90 wp-block-kadence-advancedheading has-theme-palette-1-color has-text-color\" data-kb-block=\"kb-adv-heading_daa3e4-90\">Sportlich in den <\/h6>\n\n\n<style>.wp-block-kadence-advancedheading.kt-adv-heading_1f497c-e3, .wp-block-kadence-advancedheading.kt-adv-heading_1f497c-e3[data-kb-block=\"kb-adv-heading_1f497c-e3\"]{font-style:normal;}.wp-block-kadence-advancedheading.kt-adv-heading_1f497c-e3 mark, .wp-block-kadence-advancedheading.kt-adv-heading_1f497c-e3[data-kb-block=\"kb-adv-heading_1f497c-e3\"] mark{font-style:normal;color:#f76a0c;padding-top:0px;padding-right:0px;padding-bottom:0px;padding-left:0px;}@media all and (max-width: 767px){.wp-block-kadence-advancedheading.kt-adv-heading_1f497c-e3, .wp-block-kadence-advancedheading.kt-adv-heading_1f497c-e3[data-kb-block=\"kb-adv-heading_1f497c-e3\"]{font-size:36px;}}<\/style>\n<h2 class=\"kt-adv-heading_1f497c-e3 wp-block-kadence-advancedheading has-theme-palette-4-color has-text-color\" data-kb-block=\"kb-adv-heading_1f497c-e3\">Tag<\/h2>\n<\/div><\/div>\n\n\n<style>.kadence-column_c41235-33 > .kt-inside-inner-col{border-top-width:0px;border-right-width:0px;border-bottom-width:0px;border-left-width:0px;}.kadence-column_c41235-33 > .kt-inside-inner-col,.kadence-column_c41235-33 > .kt-inside-inner-col:before{border-top-left-radius:0px;border-top-right-radius:0px;border-bottom-right-radius:0px;border-bottom-left-radius:0px;}.kadence-column_c41235-33 > .kt-inside-inner-col:before{opacity:0.3;}.kadence-column_c41235-33{position:relative;}<\/style>\n<div class=\"wp-block-kadence-column inner-column-2 kadence-column_c41235-33\"><div class=\"kt-inside-inner-col\"><style>.wp-block-kadence-advancedheading.kt-adv-heading_9f3183-c5, .wp-block-kadence-advancedheading.kt-adv-heading_9f3183-c5[data-kb-block=\"kb-adv-heading_9f3183-c5\"]{font-style:normal;}.wp-block-kadence-advancedheading.kt-adv-heading_9f3183-c5 mark, .wp-block-kadence-advancedheading.kt-adv-heading_9f3183-c5[data-kb-block=\"kb-adv-heading_9f3183-c5\"] mark{font-style:normal;color:#f76a0c;padding-top:0px;padding-right:0px;padding-bottom:0px;padding-left:0px;}<\/style>\n<p class=\"kt-adv-heading_9f3183-c5 wp-block-kadence-advancedheading has-theme-palette-3-color has-text-color\" data-kb-block=\"kb-adv-heading_9f3183-c5\">Am Gel\u00e4nde gibt es die M\u00f6glichkeit f\u00fcr: Tischtennis, Boccia, Volleyball oder Tennis. F\u00fcr Ausr\u00fcstung fragt einfach nach.<\/p>\n\n\n\n<p>Die Steiermark bietet viele M\u00f6glichkeiten sich mit dem Fahrrad, motorisiert oder sich mit den F\u00fc\u00dfen sportlich zu bet\u00e4tigen. Eines der beliebtesten Sportgebiete der Grazer Umgebung ist das Sch\u00f6cklland. <\/p>\n\n\n<style>.wp-block-kadence-advancedbtn.kb-btns_ebf3c3-e1{gap:var(--global-kb-gap-xs, 0.5rem );justify-content:flex-start;align-items:center;}.kt-btns_ebf3c3-e1 .kt-button{font-weight:normal;font-style:normal;}.kt-btns_ebf3c3-e1 .kt-btn-wrap-0{margin-right:5px;}.wp-block-kadence-advancedbtn.kt-btns_ebf3c3-e1 .kt-btn-wrap-0 .kt-button::before{display:none;}<\/style>\n<div class=\"wp-block-kadence-advancedbtn kt-btn-align-left kt-btn-tablet-align-inherit kt-btn-mobile-align-inherit kt-btns-wrap kt-btns_ebf3c3-e1\"><div class=\"kt-btn-wrap kt-btn-wrap-0\"><a class=\"kt-button button kt-btn-0-action kt-btn-size-standard kt-btn-style-basic kt-btn-svg-show-always kt-btn-has-text-true kt-btn-has-svg-false kb-btn-global-inherit wp-block-button__link\" href=\"https:\/\/www.huegelland.at\/home\/\"><span class=\"kt-btn-inner-text\">SCh\u00f6klland Homepage<\/span><\/a><\/div><\/div>\n<\/div><\/div>\n<\/div><\/div><\/div>\n\n\n\n<p><\/p>\n","protected":false},"excerpt":{"rendered":"<p>Die Umgebung Das Vereinsgel\u00e4nde ist eingebettet in die Gemeinde Eggersdorf bei Graz. Alle wichtigen Informationen bez\u00fcglich Veranstaltungen, \u00c4rzten, findet ihr unter Fu\u00dfl\u00e4ufig zu erreichen ist der Heurige Rei\u00df, sowie das&#8230;<\/p>\n","protected":false},"author":1,"featured_media":0,"parent":0,"menu_order":0,"comment_status":"closed","ping_status":"closed","template":"","meta":{"_EventAllDay":false,"_EventTimezone":"","_EventStartDate":"","_EventEndDate":"","_EventStartDateUTC":"","_EventEndDateUTC":"","_EventShowMap":false,"_EventShowMapLink":false,"_EventURL":"","_EventCost":"","_EventCostDescription":"","_EventCurrencySymbol":"","_EventCurrencyCode":"","_EventCurrencyPosition":"","_EventDateTimeSeparator":"","_EventTimeRangeSeparator":"","_EventOrganizerID":[],"_EventVenueID":[],"_OrganizerEmail":"","_OrganizerPhone":"","_OrganizerWebsite":"","_VenueAddress":"","_VenueCity":"","_VenueCountry":"","_VenueProvince":"","_VenueState":"","_VenueZip":"","_VenuePhone":"","_VenueURL":"","_VenueStateProvince":"","_VenueLat":"","_VenueLng":"","_VenueShowMap":false,"_VenueShowMapLink":false,"_kad_post_transparent":"","_kad_post_title":"","_kad_post_layout":"","_kad_post_sidebar_id":"","_kad_post_content_style":"","_kad_post_vertical_padding":"","_kad_post_feature":"","_kad_post_feature_position":"","_kad_post_header":false,"_kad_post_footer":false,"footnotes":""},"_links":{"self":[{"href":"https:\/\/naturismus-graz.at\/index.php?rest_route=\/wp\/v2\/pages\/1121"}],"collection":[{"href":"https:\/\/naturismus-graz.at\/index.php?rest_route=\/wp\/v2\/pages"}],"about":[{"href":"https:\/\/naturismus-graz.at\/index.php?rest_route=\/wp\/v2\/types\/page"}],"author":[{"embeddable":true,"href":"https:\/\/naturismus-graz.at\/index.php?rest_route=\/wp\/v2\/users\/1"}],"replies":[{"embeddable":true,"href":"https:\/\/naturismus-graz.at\/index.php?rest_route=%2Fwp%2Fv2%2Fcomments&post=1121"}],"version-history":[{"count":2,"href":"https:\/\/naturismus-graz.at\/index.php?rest_route=\/wp\/v2\/pages\/1121\/revisions"}],"predecessor-version":[{"id":1131,"href":"https:\/\/naturismus-graz.at\/index.php?rest_route=\/wp\/v2\/pages\/1121\/revisions\/1131"}],"wp:attachment":[{"href":"https:\/\/naturismus-graz.at\/index.php?rest_route=%2Fwp%2Fv2%2Fmedia&parent=1121"}],"curies":[{"name":"wp","href":"https:\/\/api.w.org\/{rel}","templated":true}]}}