{"id":1063,"date":"2022-05-15T16:40:33","date_gmt":"2022-05-15T16:40:33","guid":{"rendered":"http:\/\/naturismus-graz.at\/?page_id=1063"},"modified":"2022-05-15T16:41:59","modified_gmt":"2022-05-15T16:41:59","slug":"haustierregeln","status":"publish","type":"page","link":"https:\/\/naturismus-graz.at\/?page_id=1063","title":{"rendered":"Haustierregeln"},"content":{"rendered":"<style>#kt-layout-id_7a8ad6-a2 > .kt-row-column-wrap{align-content:start;}:where(#kt-layout-id_7a8ad6-a2 > .kt-row-column-wrap) > .wp-block-kadence-column{justify-content:start;}#kt-layout-id_7a8ad6-a2 > .kt-row-column-wrap{column-gap:var(--global-kb-gap-md, 2rem);row-gap:var(--global-kb-gap-md, 2rem);padding-top:var( --global-kb-row-default-top, 25px );padding-bottom:var( --global-kb-row-default-bottom, 25px );padding-top:var(--global-kb-spacing-sm, 1.5rem);padding-bottom:var(--global-kb-spacing-sm, 1.5rem);grid-template-columns:minmax(0, 1fr) minmax(0, 2fr);}#kt-layout-id_7a8ad6-a2 > .kt-row-layout-overlay{opacity:0.30;}@media all and (max-width: 1024px){#kt-layout-id_7a8ad6-a2 > .kt-row-column-wrap{grid-template-columns:repeat(2, minmax(0, 1fr));}}@media all and (max-width: 767px){#kt-layout-id_7a8ad6-a2 > .kt-row-column-wrap{grid-template-columns:minmax(0, 1fr);}}<\/style>\n<div class=\"wp-block-kadence-rowlayout alignnone\"><div id=\"kt-layout-id_7a8ad6-a2\" class=\"kt-row-layout-inner kt-layout-id_7a8ad6-a2\"><div class=\"kt-row-column-wrap kt-has-2-columns kt-gutter-default kt-v-gutter-default kt-row-valign-top kt-row-layout-right-golden kt-tab-layout-inherit kt-m-colapse-left-to-right kt-mobile-layout-row\"><style>.kadence-column_7c3106-b1 > .kt-inside-inner-col{border-top-width:0px;border-right-width:0px;border-bottom-width:0px;border-left-width:0px;}.kadence-column_7c3106-b1 > .kt-inside-inner-col,.kadence-column_7c3106-b1 > .kt-inside-inner-col:before{border-top-left-radius:0px;border-top-right-radius:0px;border-bottom-right-radius:0px;border-bottom-left-radius:0px;}.kadence-column_7c3106-b1 > .kt-inside-inner-col:before{opacity:0.3;}.kadence-column_7c3106-b1{position:relative;}<\/style>\n<div class=\"wp-block-kadence-column inner-column-1 kadence-column_7c3106-b1\"><div class=\"kt-inside-inner-col\"><\/div><\/div>\n\n\n<style>.kadence-column_5f2ec7-75 > .kt-inside-inner-col{border-top-width:0px;border-right-width:0px;border-bottom-width:0px;border-left-width:0px;}.kadence-column_5f2ec7-75 > .kt-inside-inner-col,.kadence-column_5f2ec7-75 > .kt-inside-inner-col:before{border-top-left-radius:0px;border-top-right-radius:0px;border-bottom-right-radius:0px;border-bottom-left-radius:0px;}.kadence-column_5f2ec7-75 > .kt-inside-inner-col:before{opacity:0.3;}.kadence-column_5f2ec7-75{position:relative;}<\/style>\n<div class=\"wp-block-kadence-column inner-column-2 kadence-column_5f2ec7-75\"><div class=\"kt-inside-inner-col\"><style>.wp-block-kadence-iconlist.kt-svg-icon-list-items_10f1dc-f0:not(.this-stops-third-party-issues){margin-top:0px;margin-bottom:0px;}.wp-block-kadence-iconlist.kt-svg-icon-list-items_10f1dc-f0 ul.kt-svg-icon-list:not(.this-prevents-issues):not(.this-stops-third-party-issues):not(.tijsloc){margin-top:0px;margin-right:0px;margin-bottom:var(--global-kb-spacing-sm, 1.5rem);margin-left:0px;}.wp-block-kadence-iconlist.kt-svg-icon-list-items_10f1dc-f0 ul.kt-svg-icon-list{grid-row-gap:5px;}.wp-block-kadence-iconlist.kt-svg-icon-list-items_10f1dc-f0 ul.kt-svg-icon-list .kt-svg-icon-list-item-wrap .kt-svg-icon-list-single{margin-right:10px;}.kt-svg-icon-list-items_10f1dc-f0 ul.kt-svg-icon-list .kt-svg-icon-list-item-wrap, .kt-svg-icon-list-items_10f1dc-f0 ul.kt-svg-icon-list .kt-svg-icon-list-item-wrap a{color:var(--global-palette3, #1A202C);text-transform:none;color:var(--global-palette3, #1A202C);}.kt-svg-icon-list-items_10f1dc-f0 ul.kt-svg-icon-list .kt-svg-icon-list-level-0 .kt-svg-icon-list-single svg{font-size:20px;}.kt-svg-icon-list-items_10f1dc-f0 ul.kt-svg-icon-list .kt-svg-icon-list-level-1 .kt-svg-icon-list-single svg{font-size:20px;}.kt-svg-icon-list-items_10f1dc-f0 ul.kt-svg-icon-list .kt-svg-icon-list-level-2 .kt-svg-icon-list-single svg{font-size:20px;}.kt-svg-icon-list-items_10f1dc-f0 ul.kt-svg-icon-list .kt-svg-icon-list-level-3 .kt-svg-icon-list-single svg{font-size:20px;}.kt-svg-icon-list-items_10f1dc-f0 ul.kt-svg-icon-list .kt-svg-icon-list-level-4 .kt-svg-icon-list-single svg{font-size:20px;}.kt-svg-icon-list-items_10f1dc-f0 ul.kt-svg-icon-list .kt-svg-icon-list-level-5 .kt-svg-icon-list-single svg{font-size:20px;}.kt-svg-icon-list-items_10f1dc-f0 ul.kt-svg-icon-list .kt-svg-icon-list-level-6 .kt-svg-icon-list-single svg{font-size:20px;}.kt-svg-icon-list-items_10f1dc-f0 ul.kt-svg-icon-list .kt-svg-icon-list-level-7 .kt-svg-icon-list-single svg{font-size:20px;}.kt-svg-icon-list-items_10f1dc-f0 ul.kt-svg-icon-list .kt-svg-icon-list-level-8 .kt-svg-icon-list-single svg{font-size:20px;}@media all and (max-width: 1024px){.wp-block-kadence-iconlist.kt-svg-icon-list-items_10f1dc-f0 ul.kt-svg-icon-list{grid-row-gap:5px;}}@media all and (max-width: 767px){.wp-block-kadence-iconlist.kt-svg-icon-list-items_10f1dc-f0 ul.kt-svg-icon-list{grid-row-gap:5px;}}<\/style>\n<div class=\"wp-block-kadence-iconlist kt-svg-icon-list-items kt-svg-icon-list-items_10f1dc-f0 kt-svg-icon-list-columns-1 alignnone\"><ul class=\"kt-svg-icon-list\"><li class=\"kt-svg-icon-list-style-stacked kt-svg-icon-list-item-wrap kt-svg-icon-list-item-0 kt-svg-icon-list-level-0\"><div style=\"display:inline-flex;justify-content:center;align-items:center;color:var(--global-palette1);padding:24px;border-width:20px;border-radius:50%\" class=\"kt-svg-icon-list-single kt-svg-icon-list-single-fe_checkCircle\"><svg style=\"display:inline-block;vertical-align:middle\" viewbox=\"0 0 24 24\" height=\"20\" width=\"20\" fill=\"none\" stroke=\"currentColor\" xmlns=\"http:\/\/www.w3.org\/2000\/svg\" stroke-width=\"3\" stroke-linecap=\"round\" stroke-linejoin=\"round\" aria-hidden=\"true\"><path d=\"M22 11.08V12a10 10 0 1 1-5.93-9.14\"><\/path><polyline points=\"22 4 12 14.01 9 11.01\"><\/polyline><\/svg><\/div><span class=\"kt-svg-icon-list-text\">Das Betreten des Vereinsgel\u00e4ndes mit Haustieren ist nur mit Ausnahmegenehmigung \u00a0der Vereinsleitung, bzw. mit der Genehmigung einer von der Vereinsleitung beauftragten Person, gestattet.<\/span><\/li><li class=\"kt-svg-icon-list-style-stacked kt-svg-icon-list-item-wrap kt-svg-icon-list-item-1 kt-svg-icon-list-level-0\"><div style=\"display:inline-flex;justify-content:center;align-items:center;color:var(--global-palette1);padding:24px;border-width:20px;border-radius:50%\" class=\"kt-svg-icon-list-single kt-svg-icon-list-single-fe_checkCircle\"><svg style=\"display:inline-block;vertical-align:middle\" viewbox=\"0 0 24 24\" height=\"20\" width=\"20\" fill=\"none\" stroke=\"currentColor\" xmlns=\"http:\/\/www.w3.org\/2000\/svg\" stroke-width=\"3\" stroke-linecap=\"round\" stroke-linejoin=\"round\" aria-hidden=\"true\"><path d=\"M22 11.08V12a10 10 0 1 1-5.93-9.14\"><\/path><polyline points=\"22 4 12 14.01 9 11.01\"><\/polyline><\/svg><\/div><span class=\"kt-svg-icon-list-text\">F\u00fcr Hunde muss eine g\u00fcltige Hunde \u2013 Haftpflichtversicherung vorhanden sein.<\/span><\/li><li class=\"kt-svg-icon-list-style-stacked kt-svg-icon-list-item-wrap kt-svg-icon-list-item-2 kt-svg-icon-list-level-0\"><div style=\"display:inline-flex;justify-content:center;align-items:center;color:var(--global-palette1);padding:24px;border-width:20px;border-radius:50%\" class=\"kt-svg-icon-list-single kt-svg-icon-list-single-fe_checkCircle\"><svg style=\"display:inline-block;vertical-align:middle\" viewbox=\"0 0 24 24\" height=\"20\" width=\"20\" fill=\"none\" stroke=\"currentColor\" xmlns=\"http:\/\/www.w3.org\/2000\/svg\" stroke-width=\"3\" stroke-linecap=\"round\" stroke-linejoin=\"round\" aria-hidden=\"true\"><path d=\"M22 11.08V12a10 10 0 1 1-5.93-9.14\"><\/path><polyline points=\"22 4 12 14.01 9 11.01\"><\/polyline><\/svg><\/div><span class=\"kt-svg-icon-list-text\">Hunde sind ausschlie\u00dflich an der Leine zu f\u00fchren. Die Leine hat so beschaffen zu sein, dass sich der Hund in unmittelbarer N\u00e4he zum Hundef\u00fchrer befindet. Spielen oder Spazierengehen mit dem Hund oder ein Spielen von Hunden untereinander ist im gesamten Bereich des Gel\u00e4ndes\u00a0 nicht erlaubt.<br><br><\/span><\/li><li class=\"kt-svg-icon-list-style-stacked kt-svg-icon-list-item-wrap kt-svg-icon-list-item-3 kt-svg-icon-list-level-0\"><div style=\"display:inline-flex;justify-content:center;align-items:center;color:var(--global-palette1);padding:24px;border-width:20px;border-radius:50%\" class=\"kt-svg-icon-list-single kt-svg-icon-list-single-fe_checkCircle\"><svg style=\"display:inline-block;vertical-align:middle\" viewbox=\"0 0 24 24\" height=\"20\" width=\"20\" fill=\"none\" stroke=\"currentColor\" xmlns=\"http:\/\/www.w3.org\/2000\/svg\" stroke-width=\"3\" stroke-linecap=\"round\" stroke-linejoin=\"round\" aria-hidden=\"true\"><path d=\"M22 11.08V12a10 10 0 1 1-5.93-9.14\"><\/path><polyline points=\"22 4 12 14.01 9 11.01\"><\/polyline><\/svg><\/div><span class=\"kt-svg-icon-list-text\">W\u00e4hrend des Aufenthalts am Gel\u00e4nde sind Hunde in unmittelbarer N\u00e4he des Wohnwagens (Wohnmobil, H\u00fctte \u2026) angemessen, im Bereich der eigenen Parzelle\u00a0oder Stellfl\u00e4che, bzw. innerhalb der o.a. \u00d6rtlichkeiten so zu verwahren, dass andere Ben\u00fctzer des Gel\u00e4ndes unbel\u00e4stigt und ungef\u00e4hrdet vorbeigehen k\u00f6nnen. Eine vor\u00fcbergehende Unterbringung im Fahrzeug am Parkplatz ist m\u00f6glich, sofern dieses \u00fcber eine geeignete Vorrichtung verf\u00fcgt und eine Beobachtung durch den Hundehalter gew\u00e4hrleistet ist.<br><\/span><\/li><li class=\"kt-svg-icon-list-style-stacked kt-svg-icon-list-item-wrap kt-svg-icon-list-item-4 kt-svg-icon-list-level-0\"><div style=\"display:inline-flex;justify-content:center;align-items:center;color:var(--global-palette1);padding:24px;border-width:20px;border-radius:50%\" class=\"kt-svg-icon-list-single kt-svg-icon-list-single-fe_checkCircle\"><svg style=\"display:inline-block;vertical-align:middle\" viewbox=\"0 0 24 24\" height=\"20\" width=\"20\" fill=\"none\" stroke=\"currentColor\" xmlns=\"http:\/\/www.w3.org\/2000\/svg\" stroke-width=\"3\" stroke-linecap=\"round\" stroke-linejoin=\"round\" aria-hidden=\"true\"><path d=\"M22 11.08V12a10 10 0 1 1-5.93-9.14\"><\/path><polyline points=\"22 4 12 14.01 9 11.01\"><\/polyline><\/svg><\/div><span class=\"kt-svg-icon-list-text\">Bei Betreten und Verlassen des Gel\u00e4ndes ist der k\u00fcrzeste\u00a0 Weg zum und vom Standplatz zu w\u00e4hlen, der ohne Bel\u00e4stigung anderer Gel\u00e4ndeben\u00fctzer m\u00f6glich ist.<br><\/span><\/li><li class=\"kt-svg-icon-list-style-stacked kt-svg-icon-list-item-wrap kt-svg-icon-list-item-5 kt-svg-icon-list-level-0\"><div style=\"display:inline-flex;justify-content:center;align-items:center;color:var(--global-palette1);padding:24px;border-width:20px;border-radius:50%\" class=\"kt-svg-icon-list-single kt-svg-icon-list-single-fe_checkCircle\"><svg style=\"display:inline-block;vertical-align:middle\" viewbox=\"0 0 24 24\" height=\"20\" width=\"20\" fill=\"none\" stroke=\"currentColor\" xmlns=\"http:\/\/www.w3.org\/2000\/svg\" stroke-width=\"3\" stroke-linecap=\"round\" stroke-linejoin=\"round\" aria-hidden=\"true\"><path d=\"M22 11.08V12a10 10 0 1 1-5.93-9.14\"><\/path><polyline points=\"22 4 12 14.01 9 11.01\"><\/polyline><\/svg><\/div><span class=\"kt-svg-icon-list-text\">Ein \u201eGassigehen\u201c hat ausschlie\u00dflich au\u00dferhalb des Vereinsgel\u00e4ndes zu erfolgen. Hundekot ist auch\u00a0 au\u00dferhalb des Gel\u00e4ndes mit geeigneten Mitteln einzusammeln und zu entsorgen. Sollte einmal innerhalb des Gel\u00e4ndes \u201eetwas passieren\u201c sind feste Ausscheidungen unverz\u00fcglich wegzur\u00e4umen und fl\u00fcssige Ausscheidungen mit Wasser wegzusp\u00fclen.<br><\/span><\/li><li class=\"kt-svg-icon-list-style-stacked kt-svg-icon-list-item-wrap kt-svg-icon-list-item-6 kt-svg-icon-list-level-0\"><div style=\"display:inline-flex;justify-content:center;align-items:center;color:var(--global-palette1);padding:24px;border-width:20px;border-radius:50%\" class=\"kt-svg-icon-list-single kt-svg-icon-list-single-fe_checkCircle\"><svg style=\"display:inline-block;vertical-align:middle\" viewbox=\"0 0 24 24\" height=\"20\" width=\"20\" fill=\"none\" stroke=\"currentColor\" xmlns=\"http:\/\/www.w3.org\/2000\/svg\" stroke-width=\"3\" stroke-linecap=\"round\" stroke-linejoin=\"round\" aria-hidden=\"true\"><path d=\"M22 11.08V12a10 10 0 1 1-5.93-9.14\"><\/path><polyline points=\"22 4 12 14.01 9 11.01\"><\/polyline><\/svg><\/div><span class=\"kt-svg-icon-list-text\">Der Aufenthalt mit Hunden in der Kantine, im Bereich des Pools sowie im Bereich des Sanit\u00e4rhauses, ist nicht gestattet.<br><\/span><\/li><li class=\"kt-svg-icon-list-style-stacked kt-svg-icon-list-item-wrap kt-svg-icon-list-item-7 kt-svg-icon-list-level-0\"><div style=\"display:inline-flex;justify-content:center;align-items:center;color:var(--global-palette1);padding:24px;border-width:20px;border-radius:50%\" class=\"kt-svg-icon-list-single kt-svg-icon-list-single-fe_checkCircle\"><svg style=\"display:inline-block;vertical-align:middle\" viewbox=\"0 0 24 24\" height=\"20\" width=\"20\" fill=\"none\" stroke=\"currentColor\" xmlns=\"http:\/\/www.w3.org\/2000\/svg\" stroke-width=\"3\" stroke-linecap=\"round\" stroke-linejoin=\"round\" aria-hidden=\"true\"><path d=\"M22 11.08V12a10 10 0 1 1-5.93-9.14\"><\/path><polyline points=\"22 4 12 14.01 9 11.01\"><\/polyline><\/svg><\/div><span class=\"kt-svg-icon-list-text\">Eine Bel\u00e4stigung anderer Gel\u00e4ndebenutzer durch permanentes Bellen, Jaulen und dergleichen ist unbedingt zu vermeiden und gegebenenfalls sofort zu unterbinden.<br><\/span><\/li><li class=\"kt-svg-icon-list-style-stacked kt-svg-icon-list-item-wrap kt-svg-icon-list-item-8 kt-svg-icon-list-level-0\"><div style=\"display:inline-flex;justify-content:center;align-items:center;color:var(--global-palette1);padding:24px;border-width:20px;border-radius:50%\" class=\"kt-svg-icon-list-single kt-svg-icon-list-single-fe_checkCircle\"><svg style=\"display:inline-block;vertical-align:middle\" viewbox=\"0 0 24 24\" height=\"20\" width=\"20\" fill=\"none\" stroke=\"currentColor\" xmlns=\"http:\/\/www.w3.org\/2000\/svg\" stroke-width=\"3\" stroke-linecap=\"round\" stroke-linejoin=\"round\" aria-hidden=\"true\"><path d=\"M22 11.08V12a10 10 0 1 1-5.93-9.14\"><\/path><polyline points=\"22 4 12 14.01 9 11.01\"><\/polyline><\/svg><\/div><span class=\"kt-svg-icon-list-text\">Diese Regeln gelten auch au\u00dferhalb der Saison und sind nach bestem Wissen und Gewissen einzuhalten. Verst\u00f6\u00dfe gegen die o.a. Punkte k\u00f6nnen den sofortigen Entzug der \u201eAusnahmeregelung vom Haustierverbot\u201c zur Folge haben.<\/span><\/li><\/ul><\/div>\n<\/div><\/div>\n<\/div><\/div><\/div>\n","protected":false},"excerpt":{"rendered":"","protected":false},"author":1,"featured_media":0,"parent":0,"menu_order":0,"comment_status":"closed","ping_status":"closed","template":"","meta":{"_EventAllDay":false,"_EventTimezone":"","_EventStartDate":"","_EventEndDate":"","_EventStartDateUTC":"","_EventEndDateUTC":"","_EventShowMap":false,"_EventShowMapLink":false,"_EventURL":"","_EventCost":"","_EventCostDescription":"","_EventCurrencySymbol":"","_EventCurrencyCode":"","_EventCurrencyPosition":"","_EventDateTimeSeparator":"","_EventTimeRangeSeparator":"","_EventOrganizerID":[],"_EventVenueID":[],"_OrganizerEmail":"","_OrganizerPhone":"","_OrganizerWebsite":"","_VenueAddress":"","_VenueCity":"","_VenueCountry":"","_VenueProvince":"","_VenueState":"","_VenueZip":"","_VenuePhone":"","_VenueURL":"","_VenueStateProvince":"","_VenueLat":"","_VenueLng":"","_VenueShowMap":false,"_VenueShowMapLink":false,"_kad_post_transparent":"","_kad_post_title":"","_kad_post_layout":"","_kad_post_sidebar_id":"","_kad_post_content_style":"","_kad_post_vertical_padding":"","_kad_post_feature":"","_kad_post_feature_position":"","_kad_post_header":false,"_kad_post_footer":false,"footnotes":""},"_links":{"self":[{"href":"https:\/\/naturismus-graz.at\/index.php?rest_route=\/wp\/v2\/pages\/1063"}],"collection":[{"href":"https:\/\/naturismus-graz.at\/index.php?rest_route=\/wp\/v2\/pages"}],"about":[{"href":"https:\/\/naturismus-graz.at\/index.php?rest_route=\/wp\/v2\/types\/page"}],"author":[{"embeddable":true,"href":"https:\/\/naturismus-graz.at\/index.php?rest_route=\/wp\/v2\/users\/1"}],"replies":[{"embeddable":true,"href":"https:\/\/naturismus-graz.at\/index.php?rest_route=%2Fwp%2Fv2%2Fcomments&post=1063"}],"version-history":[{"count":4,"href":"https:\/\/naturismus-graz.at\/index.php?rest_route=\/wp\/v2\/pages\/1063\/revisions"}],"predecessor-version":[{"id":1067,"href":"https:\/\/naturismus-graz.at\/index.php?rest_route=\/wp\/v2\/pages\/1063\/revisions\/1067"}],"wp:attachment":[{"href":"https:\/\/naturismus-graz.at\/index.php?rest_route=%2Fwp%2Fv2%2Fmedia&parent=1063"}],"curies":[{"name":"wp","href":"https:\/\/api.w.org\/{rel}","templated":true}]}}